{"id":848,"date":"2023-11-20T10:34:02","date_gmt":"2023-11-20T10:34:02","guid":{"rendered":"https:\/\/eduardo-martins.crochet.com.pt\/contact\/"},"modified":"2025-01-16T11:25:07","modified_gmt":"2025-01-16T11:25:07","slug":"contact","status":"publish","type":"page","link":"https:\/\/www.eduardomartins.pt\/en\/contact\/","title":{"rendered":"Contact"},"content":{"rendered":"\n\n\t<section class=\"section\" id=\"section_1652979095\">\n\t\t<div class=\"section-bg fill\" >\n\t\t\t<img loading=\"lazy\" decoding=\"async\" width=\"1512\" height=\"1006\" src=\"https:\/\/www.eduardomartins.pt\/wp-content\/uploads\/2023\/11\/two-confident-business-man-shaking-hands-during-a-2023-11-14-00-39-14-utc.jpg\" class=\"bg attachment-original size-original\" alt=\"Dois homens de neg\u00f3cios confiantes apertando as m\u00e3os durante uma reuni\u00e3o de escrit\u00f3rio, sucesso, neg\u00f3cios, sauda\u00e7\u00e3o e parceiro \u00e0 luz do sol.\" \/>\t\t\t\t\t\t<div class=\"section-bg-overlay absolute fill\"><\/div>\n\t\t\t\n\n\t\t<\/div>\n\n\t\t\n\n\t\t<div class=\"section-content relative\">\n\t\t\t\n\n<div class=\"row\"  id=\"row-759456812\">\n\n\n\t<div id=\"col-1232133196\" class=\"col medium-12 small-12 large-7\"  data-animate=\"fadeInLeft\">\n\t\t\t\t<div class=\"col-inner\"  >\n\t\t\t\n\t\t\t\n\n\t<div id=\"gap-1482941504\" class=\"gap-element clearfix\" style=\"display:block; height:auto;\">\n\t\t\n<style>\n#gap-1482941504 {\n  padding-top: 60px;\n}\n<\/style>\n\t<\/div>\n\t\n\n\t<div id=\"text-1091271772\" class=\"text\">\n\t\t\n\n<h1>Contact us<\/h1>\n\t\t\n<style>\n#text-1091271772 {\n  font-size: 1.65rem;\n  color: rgb(255,255,255);\n}\n#text-1091271772 > * {\n  color: rgb(255,255,255);\n}\n@media (min-width:550px) {\n  #text-1091271772 {\n    font-size: 2.25rem;\n  }\n}\n<\/style>\n\t<\/div>\n\t\n\n\t\t<\/div>\n\t\t\t\t\n<style>\n#col-1232133196 > .col-inner {\n  padding: 0px 0px 0px 0;\n}\n<\/style>\n\t<\/div>\n\n\t\n\n\t<div id=\"col-643845739\" class=\"col medium-5 small-12 large-5\"  >\n\t\t\t\t<div class=\"col-inner\"  >\n\t\t\t\n\t\t\t\n\n\t<div id=\"gap-310658680\" class=\"gap-element clearfix\" style=\"display:block; height:auto;\">\n\t\t\n<style>\n#gap-310658680 {\n  padding-top: 0px;\n}\n@media (min-width:850px) {\n  #gap-310658680 {\n    padding-top: 30px;\n  }\n}\n<\/style>\n\t<\/div>\n\t\n\n\n\t\t<\/div>\n\t\t\t\t\t<\/div>\n\n\t\n\n<\/div>\n\n\t\t<\/div>\n\n\t\t\n<style>\n#section_1652979095 {\n  padding-top: 30px;\n  padding-bottom: 30px;\n  min-height: 400px;\n}\n#section_1652979095 .section-bg-overlay {\n  background-color: rgba(0, 43, 90, 0.85);\n}\n#section_1652979095 .section-bg img {\n  object-position: 36% 57%;\n}\n@media (min-width:550px) {\n  #section_1652979095 {\n    min-height: 450px;\n  }\n}\n@media (min-width:850px) {\n  #section_1652979095 {\n    min-height: 500px;\n  }\n}\n<\/style>\n\t<\/section>\n\t\n<div class=\"row row-large\"  id=\"row-2108874801\">\n\n\n\t<div id=\"col-1061520479\" class=\"col small-12 large-12\"  >\n\t\t\t\t<div class=\"col-inner\" style=\"background-color:rgb(255, 255, 255);\" >\n\t\t\t\n\t\t\t\n\n<div class=\"row row-collapse row-full-width\"  id=\"row-29380651\">\n\n\n\t<div id=\"col-1206074617\" class=\"col medium-12 small-12 large-6\"  data-animate=\"fadeInRight\">\n\t\t\t\t<div class=\"col-inner\"  >\n\t\t\t\n\t\t\t\n\n\t<div id=\"gap-482582497\" class=\"gap-element clearfix\" style=\"display:block; height:auto;\">\n\t\t\n<style>\n#gap-482582497 {\n  padding-top: 20px;\n}\n@media (min-width:550px) {\n  #gap-482582497 {\n    padding-top: 20px;\n  }\n}\n@media (min-width:850px) {\n  #gap-482582497 {\n    padding-top: 30px;\n  }\n}\n<\/style>\n\t<\/div>\n\t\n\n<div class=\"row\"  id=\"row-1136574337\">\n\n\n\t<div id=\"col-367448490\" class=\"col small-12 large-12\"  >\n\t\t\t\t<div class=\"col-inner\"  >\n\t\t\t\n\t\t\t\n\n<section class=\"contato-container\">\n<header>\n<h3>Contacts<\/h3>\n<p>Regus Business Centre<br \/>Avenida do Algarve, 4<br \/>8100-298 Loul\u00e9<\/p>\n<\/header>\n<p><a href=\"mailto:info@eduardomartins.pt\">info@eduardomartins.pt<\/a><\/p>\n<p><a href=\"tel:289328880\">(+351) 289 328 880<\/a><br \/><a href=\"http:\/\/916281089\" data-wplink-url-error=\"true\">(+351) 916 281 089<\/a><\/p>\n<\/section>\n\t<div id=\"gap-1811544219\" class=\"gap-element clearfix\" style=\"display:block; height:auto;\">\n\t\t\n<style>\n#gap-1811544219 {\n  padding-top: 20px;\n}\n<\/style>\n\t<\/div>\n\t\n\n<div class=\"is-divider divider clearfix\" style=\"max-width:90%;height:1px;background-color:rgb(183, 183, 183);\"><\/div>\n\n\n\t\t<\/div>\n\t\t\t\t\t<\/div>\n\n\t\n\n\t<div id=\"col-466935599\" class=\"col medium-5 small-12 large-12\"  >\n\t\t\t\t<div class=\"col-inner\"  >\n\t\t\t\n\t\t\t\n\n\n\n<style>.list-values li::before{\nleft: -25px;}<\/style>\n\n<h3>Opening hours<\/h3>\n<p style=\"margin-bottom: 10px;\"><strong>Monday:<\/strong><\/p>\n<ul class=\"list-values\">\n<li>10.00 A.M. to 1.00 P.M.<\/li>\n<li>3.00 P.M. to 5.30 P.M.<\/li>\n<\/ul>\n<p style=\"margin-bottom: 10px;\"><strong>Tuesday to Thursday :<\/strong><\/p>\n<ul class=\"list-values\">\n<li>From 10.00 A.M. to 1.00 P.M.<\/li>\n<\/ul>\n<p style=\"margin-bottom: 10px;\"><strong>Friday and Saturday:<\/strong><\/p>\n<ul class=\"list-values\">\n<li>By prior appointment<\/li>\n<\/ul>\n\n\n\t\t<\/div>\n\t\t\t\t\t<\/div>\n\n\t\n\n<\/div>\n\n\t\t<\/div>\n\t\t\t\t\n<style>\n#col-1206074617 > .col-inner {\n  padding: 0px 0px 0px 20px;\n}\n<\/style>\n\t<\/div>\n\n\t\n\n\t<div id=\"col-2144375598\" class=\"col col-contact-section-form medium-12 small-12 large-6\"  data-animate=\"fadeInRight\">\n\t\t\t\t<div class=\"col-inner\" style=\"background-color:rgb(241, 241, 251);\" >\n\t\t\t\n\t\t\t\n\n\t<div id=\"gap-582373882\" class=\"gap-element clearfix\" style=\"display:block; height:auto;\">\n\t\t\n<style>\n#gap-582373882 {\n  padding-top: 45px;\n}\n<\/style>\n\t<\/div>\n\t\n\n<h2>Send us a message<\/h2>\n\t<div id=\"gap-731020726\" class=\"gap-element clearfix\" style=\"display:block; height:auto;\">\n\t\t\n<style>\n#gap-731020726 {\n  padding-top: 20px;\n}\n@media (min-width:550px) {\n  #gap-731020726 {\n    padding-top: 20px;\n  }\n}\n@media (min-width:850px) {\n  #gap-731020726 {\n    padding-top: 30px;\n  }\n}\n<\/style>\n\t<\/div>\n\t\n\n\n<div class=\"wpcf7 no-js\" id=\"wpcf7-f923-o1\" lang=\"pt-PT\" dir=\"ltr\" data-wpcf7-id=\"923\">\n<div class=\"screen-reader-response\"><p role=\"status\" aria-live=\"polite\" aria-atomic=\"true\"><\/p> <ul><\/ul><\/div>\n<form action=\"\/en\/wp-json\/wp\/v2\/pages\/848#wpcf7-f923-o1\" method=\"post\" class=\"wpcf7-form init\" aria-label=\"Formul\u00e1rio de contacto\" novalidate=\"novalidate\" data-status=\"init\">\n<div style=\"display: none;\">\n<input type=\"hidden\" name=\"_wpcf7\" value=\"923\" \/>\n<input type=\"hidden\" name=\"_wpcf7_version\" value=\"6.0.3\" \/>\n<input type=\"hidden\" name=\"_wpcf7_locale\" value=\"pt_PT\" \/>\n<input type=\"hidden\" name=\"_wpcf7_unit_tag\" value=\"wpcf7-f923-o1\" \/>\n<input type=\"hidden\" name=\"_wpcf7_container_post\" value=\"0\" \/>\n<input type=\"hidden\" name=\"_wpcf7_posted_data_hash\" value=\"\" \/>\n<input type=\"hidden\" name=\"_wpcf7_recaptcha_response\" value=\"\" \/>\n<\/div>\n<style>\n.contacto-form label {color: #002b5a;}\n<\/style>\n<div class=\"contacto-form\">\n\t<p><label>Your name<br \/>\n<span class=\"wpcf7-form-control-wrap\" data-name=\"your-name\"><input size=\"40\" maxlength=\"400\" class=\"wpcf7-form-control wpcf7-text wpcf7-validates-as-required\" autocomplete=\"name\" aria-required=\"true\" aria-invalid=\"false\" value=\"\" type=\"text\" name=\"your-name\" \/><\/span> <\/label><br \/>\n<label>Your phone number<br \/>\n<span class=\"wpcf7-form-control-wrap\" data-name=\"tel\"><input size=\"40\" maxlength=\"400\" class=\"wpcf7-form-control wpcf7-tel wpcf7-validates-as-required wpcf7-text wpcf7-validates-as-tel\" aria-required=\"true\" aria-invalid=\"false\" value=\"\" type=\"tel\" name=\"tel\" \/><\/span><br \/>\n<\/label><br \/>\n<label>Your e-mail<br \/>\n<span class=\"wpcf7-form-control-wrap\" data-name=\"your-email\"><input size=\"40\" maxlength=\"400\" class=\"wpcf7-form-control wpcf7-email wpcf7-validates-as-required wpcf7-text wpcf7-validates-as-email\" autocomplete=\"email\" aria-required=\"true\" aria-invalid=\"false\" value=\"\" type=\"email\" name=\"your-email\" \/><\/span> <\/label>\n\t<\/p>\n\t<p><label>Characteristics of your request<br \/>\n<span class=\"wpcf7-form-control-wrap\" data-name=\"your-message\"><textarea cols=\"40\" rows=\"10\" maxlength=\"2000\" class=\"wpcf7-form-control wpcf7-textarea\" aria-invalid=\"false\" name=\"your-message\"><\/textarea><\/span> <\/label>\n\t<\/p>\n\t<p><input class=\"wpcf7-form-control wpcf7-submit has-spinner\" type=\"submit\" value=\"Send\" \/>\n\t<\/p>\n<\/div><div class=\"wpcf7-response-output\" aria-hidden=\"true\"><\/div>\n<\/form>\n<\/div>\n\n\n\t<div id=\"gap-288065423\" class=\"gap-element clearfix\" style=\"display:block; height:auto;\">\n\t\t\n<style>\n#gap-288065423 {\n  padding-top: 30px;\n}\n<\/style>\n\t<\/div>\n\t\n\n\n\t\t<\/div>\n\t\t\t\t\t<\/div>\n\n\t\n\n\n<style>\n#row-29380651 > .col > .col-inner {\n  padding: 0px 15px 0px 15px;\n}\n<\/style>\n<\/div>\n\n\t\t<\/div>\n\t\t\t\t\n<style>\n#col-1061520479 > .col-inner {\n  padding: 30px 20px 0px 20px;\n  margin: -0 0px 0px 0px;\n}\n@media (min-width:550px) {\n  #col-1061520479 > .col-inner {\n    padding: 50px 20px 30px 20px;\n    margin: 0 0px 0px 0px;\n  }\n}\n@media (min-width:850px) {\n  #col-1061520479 > .col-inner {\n    padding: 60px 30px 15px 30px;\n    margin: -135px 0px 0px 0px;\n  }\n}\n<\/style>\n\t<\/div>\n\n\t\n\n<\/div>\n<div class=\"row align-middle\" style=\"max-width:1440px\" id=\"row-1218192812\">\n\n\n\t<div id=\"col-759284557\" class=\"col small-12 large-12\"  >\n\t\t\t\t<div class=\"col-inner\"  >\n\t\t\t\n\t\t\t\n\n\t<div class=\"img has-hover x md-x lg-x y md-y lg-y\" id=\"image_1851853531\">\n\t\t<a class=\"\" href=\"https:\/\/maps.app.goo.gl\/oetNuRoFnM9Nqz9B8\" >\t\t\t\t\t\t<div class=\"img-inner image-cover dark\" style=\"padding-top:500px;\">\n\t\t\t<img loading=\"lazy\" decoding=\"async\" width=\"1353\" height=\"805\" src=\"https:\/\/www.eduardomartins.pt\/wp-content\/uploads\/2025\/01\/Map.png\" class=\"attachment-original size-original\" alt=\"Mapa do escrit\u00f3rio Eduardo Martins em Loul\u00e9\" srcset=\"https:\/\/www.eduardomartins.pt\/wp-content\/uploads\/2025\/01\/Map.png 1353w, https:\/\/www.eduardomartins.pt\/wp-content\/uploads\/2025\/01\/Map-300x178.png 300w, https:\/\/www.eduardomartins.pt\/wp-content\/uploads\/2025\/01\/Map-1024x609.png 1024w, https:\/\/www.eduardomartins.pt\/wp-content\/uploads\/2025\/01\/Map-768x457.png 768w\" sizes=\"auto, (max-width: 1353px) 100vw, 1353px\" \/>\t\t\t\t\t\t\n\t\t\t\t\t<\/div>\n\t\t\t\t\t\t<\/a>\t\t\n<style>\n#image_1851853531 {\n  width: 100%;\n}\n<\/style>\n\t<\/div>\n\t\n\n\n\t\t<\/div>\n\t\t\t\t\t<\/div>\n\n\t\n\n<\/div>\n\n","protected":false},"excerpt":{"rendered":"","protected":false},"author":1,"featured_media":0,"parent":0,"menu_order":0,"comment_status":"closed","ping_status":"closed","template":"page-transparent-header-light.php","meta":{"inline_featured_image":false,"footnotes":""},"class_list":["post-848","page","type-page","status-publish","hentry"],"yoast_head":"<!-- This site is optimized with the Yoast SEO plugin v24.4 - https:\/\/yoast.com\/wordpress\/plugins\/seo\/ -->\n<title>Contact - Eduardo Martins<\/title>\n<meta name=\"robots\" content=\"index, follow, max-snippet:-1, max-image-preview:large, max-video-preview:-1\" \/>\n<link rel=\"canonical\" href=\"http:\/\/mail.eduardomartins.pt\/en\/contact\/\" \/>\n<meta property=\"og:locale\" content=\"en_US\" \/>\n<meta property=\"og:type\" content=\"article\" \/>\n<meta property=\"og:title\" content=\"Contact - Eduardo Martins\" \/>\n<meta property=\"og:url\" content=\"http:\/\/mail.eduardomartins.pt\/en\/contact\/\" \/>\n<meta property=\"og:site_name\" content=\"Eduardo Martins\" \/>\n<meta property=\"article:modified_time\" content=\"2025-01-16T11:25:07+00:00\" \/>\n<meta name=\"twitter:card\" content=\"summary_large_image\" \/>\n<meta name=\"twitter:label1\" content=\"Est. reading time\" \/>\n\t<meta name=\"twitter:data1\" content=\"1 minute\" \/>\n<script type=\"application\/ld+json\" class=\"yoast-schema-graph\">{\"@context\":\"https:\/\/schema.org\",\"@graph\":[{\"@type\":\"WebPage\",\"@id\":\"http:\/\/mail.eduardomartins.pt\/en\/contact\/\",\"url\":\"http:\/\/mail.eduardomartins.pt\/en\/contact\/\",\"name\":\"Contact - Eduardo Martins\",\"isPartOf\":{\"@id\":\"https:\/\/www.eduardomartins.pt\/en\/#website\"},\"datePublished\":\"2023-11-20T10:34:02+00:00\",\"dateModified\":\"2025-01-16T11:25:07+00:00\",\"breadcrumb\":{\"@id\":\"http:\/\/mail.eduardomartins.pt\/en\/contact\/#breadcrumb\"},\"inLanguage\":\"en-US\",\"potentialAction\":[{\"@type\":\"ReadAction\",\"target\":[\"http:\/\/mail.eduardomartins.pt\/en\/contact\/\"]}]},{\"@type\":\"BreadcrumbList\",\"@id\":\"http:\/\/mail.eduardomartins.pt\/en\/contact\/#breadcrumb\",\"itemListElement\":[{\"@type\":\"ListItem\",\"position\":1,\"name\":\"In\u00edcio\",\"item\":\"https:\/\/www.eduardomartins.pt\/en\/\"},{\"@type\":\"ListItem\",\"position\":2,\"name\":\"Contact\"}]},{\"@type\":\"WebSite\",\"@id\":\"https:\/\/www.eduardomartins.pt\/en\/#website\",\"url\":\"https:\/\/www.eduardomartins.pt\/en\/\",\"name\":\"Eduardo Martins\",\"description\":\"Media\u00e7\u00e3o Imobili\u00e1ria\",\"publisher\":{\"@id\":\"https:\/\/www.eduardomartins.pt\/en\/#organization\"},\"potentialAction\":[{\"@type\":\"SearchAction\",\"target\":{\"@type\":\"EntryPoint\",\"urlTemplate\":\"https:\/\/www.eduardomartins.pt\/en\/?s={search_term_string}\"},\"query-input\":{\"@type\":\"PropertyValueSpecification\",\"valueRequired\":true,\"valueName\":\"search_term_string\"}}],\"inLanguage\":\"en-US\"},{\"@type\":\"Organization\",\"@id\":\"https:\/\/www.eduardomartins.pt\/en\/#organization\",\"name\":\"Eduardo Martins\",\"url\":\"https:\/\/www.eduardomartins.pt\/en\/\",\"logo\":{\"@type\":\"ImageObject\",\"inLanguage\":\"en-US\",\"@id\":\"https:\/\/www.eduardomartins.pt\/en\/#\/schema\/logo\/image\/\",\"url\":\"https:\/\/eduardo-martins.crochet.com.pt\/wp-content\/uploads\/2023\/11\/logo-horizontal-color.svg\",\"contentUrl\":\"https:\/\/eduardo-martins.crochet.com.pt\/wp-content\/uploads\/2023\/11\/logo-horizontal-color.svg\",\"width\":\"1024\",\"height\":\"1024\",\"caption\":\"Eduardo Martins\"},\"image\":{\"@id\":\"https:\/\/www.eduardomartins.pt\/en\/#\/schema\/logo\/image\/\"}}]}<\/script>\n<!-- \/ Yoast SEO plugin. -->","yoast_head_json":{"title":"Contact - Eduardo Martins","robots":{"index":"index","follow":"follow","max-snippet":"max-snippet:-1","max-image-preview":"max-image-preview:large","max-video-preview":"max-video-preview:-1"},"canonical":"http:\/\/mail.eduardomartins.pt\/en\/contact\/","og_locale":"en_US","og_type":"article","og_title":"Contact - Eduardo Martins","og_url":"http:\/\/mail.eduardomartins.pt\/en\/contact\/","og_site_name":"Eduardo Martins","article_modified_time":"2025-01-16T11:25:07+00:00","twitter_card":"summary_large_image","twitter_misc":{"Est. reading time":"1 minute"},"schema":{"@context":"https:\/\/schema.org","@graph":[{"@type":"WebPage","@id":"http:\/\/mail.eduardomartins.pt\/en\/contact\/","url":"http:\/\/mail.eduardomartins.pt\/en\/contact\/","name":"Contact - Eduardo Martins","isPartOf":{"@id":"https:\/\/www.eduardomartins.pt\/en\/#website"},"datePublished":"2023-11-20T10:34:02+00:00","dateModified":"2025-01-16T11:25:07+00:00","breadcrumb":{"@id":"http:\/\/mail.eduardomartins.pt\/en\/contact\/#breadcrumb"},"inLanguage":"en-US","potentialAction":[{"@type":"ReadAction","target":["http:\/\/mail.eduardomartins.pt\/en\/contact\/"]}]},{"@type":"BreadcrumbList","@id":"http:\/\/mail.eduardomartins.pt\/en\/contact\/#breadcrumb","itemListElement":[{"@type":"ListItem","position":1,"name":"In\u00edcio","item":"https:\/\/www.eduardomartins.pt\/en\/"},{"@type":"ListItem","position":2,"name":"Contact"}]},{"@type":"WebSite","@id":"https:\/\/www.eduardomartins.pt\/en\/#website","url":"https:\/\/www.eduardomartins.pt\/en\/","name":"Eduardo Martins","description":"Media\u00e7\u00e3o Imobili\u00e1ria","publisher":{"@id":"https:\/\/www.eduardomartins.pt\/en\/#organization"},"potentialAction":[{"@type":"SearchAction","target":{"@type":"EntryPoint","urlTemplate":"https:\/\/www.eduardomartins.pt\/en\/?s={search_term_string}"},"query-input":{"@type":"PropertyValueSpecification","valueRequired":true,"valueName":"search_term_string"}}],"inLanguage":"en-US"},{"@type":"Organization","@id":"https:\/\/www.eduardomartins.pt\/en\/#organization","name":"Eduardo Martins","url":"https:\/\/www.eduardomartins.pt\/en\/","logo":{"@type":"ImageObject","inLanguage":"en-US","@id":"https:\/\/www.eduardomartins.pt\/en\/#\/schema\/logo\/image\/","url":"https:\/\/eduardo-martins.crochet.com.pt\/wp-content\/uploads\/2023\/11\/logo-horizontal-color.svg","contentUrl":"https:\/\/eduardo-martins.crochet.com.pt\/wp-content\/uploads\/2023\/11\/logo-horizontal-color.svg","width":"1024","height":"1024","caption":"Eduardo Martins"},"image":{"@id":"https:\/\/www.eduardomartins.pt\/en\/#\/schema\/logo\/image\/"}}]}},"_links":{"self":[{"href":"https:\/\/www.eduardomartins.pt\/en\/wp-json\/wp\/v2\/pages\/848","targetHints":{"allow":["GET"]}}],"collection":[{"href":"https:\/\/www.eduardomartins.pt\/en\/wp-json\/wp\/v2\/pages"}],"about":[{"href":"https:\/\/www.eduardomartins.pt\/en\/wp-json\/wp\/v2\/types\/page"}],"author":[{"embeddable":true,"href":"https:\/\/www.eduardomartins.pt\/en\/wp-json\/wp\/v2\/users\/1"}],"replies":[{"embeddable":true,"href":"https:\/\/www.eduardomartins.pt\/en\/wp-json\/wp\/v2\/comments?post=848"}],"version-history":[{"count":13,"href":"https:\/\/www.eduardomartins.pt\/en\/wp-json\/wp\/v2\/pages\/848\/revisions"}],"predecessor-version":[{"id":1027,"href":"https:\/\/www.eduardomartins.pt\/en\/wp-json\/wp\/v2\/pages\/848\/revisions\/1027"}],"wp:attachment":[{"href":"https:\/\/www.eduardomartins.pt\/en\/wp-json\/wp\/v2\/media?parent=848"}],"curies":[{"name":"wp","href":"https:\/\/api.w.org\/{rel}","templated":true}]}}