{"id":860,"date":"2023-11-20T10:32:56","date_gmt":"2023-11-20T10:32:56","guid":{"rendered":"https:\/\/eduardo-martins.crochet.com.pt\/property-management\/"},"modified":"2025-01-16T12:07:26","modified_gmt":"2025-01-16T12:07:26","slug":"property-management","status":"publish","type":"page","link":"https:\/\/www.eduardomartins.pt\/en\/property-management\/","title":{"rendered":"Property Management"},"content":{"rendered":"\n\n\t<section class=\"section\" id=\"section_1699694898\">\n\t\t<div class=\"section-bg fill\" >\n\t\t\t<img loading=\"lazy\" decoding=\"async\" width=\"1560\" height=\"1040\" src=\"https:\/\/www.eduardomartins.pt\/wp-content\/uploads\/2023\/11\/modern-house-with-a-swimming-pool-modern-pool-vil-2022-07-07-23-40-54-utc-1-1.jpg\" class=\"bg attachment-original size-original\" alt=\"casa moderna com piscina\" \/>\t\t\t\t\t\t<div class=\"section-bg-overlay absolute fill\"><\/div>\n\t\t\t\n\n\t\t<\/div>\n\n\t\t\n\n\t\t<div class=\"section-content relative\">\n\t\t\t\n\n<div class=\"row\"  id=\"row-1552289843\">\n\n\n\t<div id=\"col-1201048793\" class=\"col medium-12 small-12 large-7\"  data-animate=\"fadeInLeft\">\n\t\t\t\t<div class=\"col-inner\"  >\n\t\t\t\n\t\t\t\n\n\t<div id=\"gap-267966865\" class=\"gap-element clearfix\" style=\"display:block; height:auto;\">\n\t\t\n<style>\n#gap-267966865 {\n  padding-top: 60px;\n}\n<\/style>\n\t<\/div>\n\t\n\n\t<div id=\"text-3341090117\" class=\"text\">\n\t\t\n\n<h1>Property<br \/><span style=\"color: #5f9adc;\"> Management<\/span><\/h1>\n\n\t\t\n<style>\n#text-3341090117 {\n  font-size: 1.65rem;\n  color: rgb(255,255,255);\n}\n#text-3341090117 > * {\n  color: rgb(255,255,255);\n}\n@media (min-width:550px) {\n  #text-3341090117 {\n    font-size: 2.25rem;\n  }\n}\n<\/style>\n\t<\/div>\n\t\n\n\t\t<\/div>\n\t\t\t\t\n<style>\n#col-1201048793 > .col-inner {\n  padding: 0px 0px 0px 0;\n}\n<\/style>\n\t<\/div>\n\n\t\n\n\t<div id=\"col-1171747344\" class=\"col medium-5 small-12 large-5\"  >\n\t\t\t\t<div class=\"col-inner\"  >\n\t\t\t\n\t\t\t\n\n\t<div id=\"gap-1200154041\" class=\"gap-element clearfix\" style=\"display:block; height:auto;\">\n\t\t\n<style>\n#gap-1200154041 {\n  padding-top: 0px;\n}\n@media (min-width:850px) {\n  #gap-1200154041 {\n    padding-top: 30px;\n  }\n}\n<\/style>\n\t<\/div>\n\t\n\n\n\t\t<\/div>\n\t\t\t\t\t<\/div>\n\n\t\n\n<\/div>\n\n\t\t<\/div>\n\n\t\t\n<style>\n#section_1699694898 {\n  padding-top: 30px;\n  padding-bottom: 30px;\n  min-height: 400px;\n}\n#section_1699694898 .section-bg-overlay {\n  background-color: rgba(0, 43, 90, 0.85);\n}\n#section_1699694898 .section-bg img {\n  object-position: 36% 57%;\n}\n@media (min-width:550px) {\n  #section_1699694898 {\n    min-height: 450px;\n  }\n}\n@media (min-width:850px) {\n  #section_1699694898 {\n    min-height: 500px;\n  }\n}\n<\/style>\n\t<\/section>\n\t\n\n\t<section class=\"section\" id=\"section_150020456\">\n\t\t<div class=\"section-bg fill\" >\n\t\t\t\t\t\t\t\t\t\n\t\t\t\n\n\t\t<\/div>\n\n\t\t\n\n\t\t<div class=\"section-content relative\">\n\t\t\t\n\n<div class=\"row align-equal\"  id=\"row-1887660215\">\n\n\n\t<div id=\"col-1504138024\" class=\"col medium-5 small-12 large-5\"  data-animate=\"fadeInRight\">\n\t\t\t\t<div class=\"col-inner\"  >\n\t\t\t\n\t\t\t\n\n\n  <div class=\"banner has-hover\" id=\"banner-571575986\">\n          <div class=\"banner-inner fill\">\n        <div class=\"banner-bg fill\" >\n            <img loading=\"lazy\" decoding=\"async\" width=\"683\" height=\"1024\" src=\"https:\/\/www.eduardomartins.pt\/wp-content\/uploads\/2023\/11\/modern-house-with-garden-swimming-pool-and-wooden-2021-08-26-18-24-30-utc-2-683x1024.jpg\" class=\"bg attachment-large size-large\" alt=\"casa moderna com jardim piscina e madeira\" \/>                                    \n                    <\/div>\n\t\t\n        <div class=\"banner-layers container\">\n            <div class=\"fill banner-link\"><\/div>            \n\n\n        <\/div>\n      <\/div>\n\n            \n<style>\n#banner-571575986 {\n  padding-top: 400px;\n  background-color: rgb(255, 255, 255);\n}\n#banner-571575986 .banner-bg img {\n  object-position: 44% 74%;\n}\n@media (min-width:550px) {\n  #banner-571575986 {\n    padding-top: 600px;\n  }\n}\n<\/style>\n  <\/div>\n\n\n\n\t\t<\/div>\n\t\t\t\t\t<\/div>\n\n\t\n\n\t<div id=\"col-1509803735\" class=\"col divider-first-section hide-for-small medium-1 small-12 large-1\"  data-animate=\"fadeInRight\">\n\t\t\t\t<div class=\"col-inner\"  >\n\t\t\t\n\t\t\t\n\n\t<div id=\"gap-1746285516\" class=\"gap-element clearfix\" style=\"display:block; height:auto;\">\n\t\t\n<style>\n#gap-1746285516 {\n  padding-top: 44px;\n}\n<\/style>\n\t<\/div>\n\t\n\n<div class=\"is-divider divider clearfix\" style=\"max-width:60px;height:2px;background-color:rgb(95, 154, 220);\"><\/div>\n\n\n\t\t<\/div>\n\t\t\t\t\t<\/div>\n\n\t\n\n\t<div id=\"col-381783738\" class=\"col medium-6 small-12 large-6\"  data-animate=\"fadeInRight\">\n\t\t\t\t<div class=\"col-inner\"  >\n\t\t\t\n\t\t\t\n\n\t<div id=\"gap-13216731\" class=\"gap-element clearfix\" style=\"display:block; height:auto;\">\n\t\t\n<style>\n#gap-13216731 {\n  padding-top: 30px;\n}\n<\/style>\n\t<\/div>\n\t\n\n\t<div id=\"text-1117453600\" class=\"text\">\n\t\t\n\n<h2 style=\"font-size: 2.25rem;\">Reliable management for your <span style=\"color: #5f9adc;\"> property<\/span><\/h2>\n\n\t\t\n<style>\n#text-1117453600 {\n  font-size: 2rem;\n}\n<\/style>\n\t<\/div>\n\t\n\t<div id=\"text-2321010751\" class=\"text text\">\n\t\t\n\n<p>If you own a non-resident property, partnering with a <strong>trusted company<\/strong> for the <strong>management<\/strong> and <strong>maintenance<\/strong> of your home is an essential decision. Choosing this solution ensures that your property is <strong>continuously monitored<\/strong>, guaranteeing that all equipment and infrastructure function correctly, with no unexpected surprises.<\/p>\n<p>Moreover, with our management services, you can rest <strong>assured that your property will always be ready for your arrival<\/strong>, allowing you to enjoy a comfortable and perfectly maintained environment without any worries.<\/p>\n\t\t\t<\/div>\n\t\n<a href=\"https:\/\/eduardo-martins.crochet.com.pt\/en\/contact\/\" class=\"button primary is-link btn-border-primary\"  >\n\t\t<span>Contact us<\/span>\n\t<i class=\"icon-angle-right\" aria-hidden=\"true\" ><\/i><\/a>\n\n\n\n\t\t<\/div>\n\t\t\t\t\n<style>\n#col-381783738 > .col-inner {\n  padding: 0px 1% 0px 1%;\n}\n@media (min-width:550px) {\n  #col-381783738 > .col-inner {\n    padding: 0px 2% 0px 2%;\n  }\n}\n@media (min-width:850px) {\n  #col-381783738 > .col-inner {\n    padding: 0px 0px 0px 10%;\n  }\n}\n<\/style>\n\t<\/div>\n\n\t\n\n<\/div>\n\t<div id=\"gap-332978209\" class=\"gap-element clearfix\" style=\"display:block; height:auto;\">\n\t\t\n<style>\n#gap-332978209 {\n  padding-top: 90px;\n}\n<\/style>\n\t<\/div>\n\t\n\n\n\t\t<\/div>\n\n\t\t\n<style>\n#section_150020456 {\n  padding-top: 0px;\n  padding-bottom: 0px;\n}\n<\/style>\n\t<\/section>\n\t\n\n\t<section class=\"section section-testimonial\" id=\"section_1391962044\">\n\t\t<div class=\"section-bg fill\" >\n\t\t\t\t\t\t\t\t\t\n\t\t\t\n\n\t\t<\/div>\n\n\t\t\n\n\t\t<div class=\"section-content relative\">\n\t\t\t\n\n<div class=\"slider-wrapper relative section-slider-testimonial\" id=\"slider-958611804\" style=\"background-color:#002b5a;\">\n    <div class=\"slider slider-type-fade slider-nav-circle slider-nav-large slider-nav-light slider-style-normal\"\n        data-flickity-options='{\n            \"cellAlign\": \"center\",\n            \"imagesLoaded\": true,\n            \"lazyLoad\": 1,\n            \"freeScroll\": false,\n            \"wrapAround\": true,\n            \"autoPlay\": 6000,\n            \"pauseAutoPlayOnHover\" : true,\n            \"prevNextButtons\": false,\n            \"contain\" : true,\n            \"adaptiveHeight\" : true,\n            \"dragThreshold\" : 10,\n            \"percentPosition\": true,\n            \"pageDots\": true,\n            \"rightToLeft\": false,\n            \"draggable\": true,\n            \"selectedAttraction\": 0.1,\n            \"parallax\" : 4,\n            \"friction\": 0.6        }'\n        >\n        \n\n\n  <div class=\"banner has-hover\" id=\"banner-710463128\">\n          <div class=\"banner-inner fill\">\n        <div class=\"banner-bg fill\" >\n            <img loading=\"lazy\" decoding=\"async\" width=\"2052\" height=\"1368\" src=\"https:\/\/www.eduardomartins.pt\/wp-content\/uploads\/2023\/11\/umbrella-pool-chair-build.jpg\" class=\"bg attachment-original size-original\" alt=\"\" \/>                        <div class=\"overlay\"><\/div>            \n                    <\/div>\n\t\t\n        <div class=\"banner-layers container\">\n            <div class=\"fill banner-link\"><\/div>            \n\n   <div id=\"text-box-1048885476\" class=\"text-box banner-layer x50 md-x50 lg-x50 y50 md-y50 lg-y50 res-text\">\n                                <div class=\"text-box-content text dark\">\n              \n              <div class=\"text-inner text-center\">\n                  \n\n\t<div class=\"img has-hover x md-x lg-x y md-y lg-y\" id=\"image_1475927686\">\n\t\t\t\t\t\t\t\t<div class=\"img-inner dark\" >\n\t\t\t<img loading=\"lazy\" decoding=\"async\" width=\"70\" height=\"53\" src=\"https:\/\/www.eduardomartins.pt\/wp-content\/uploads\/2023\/11\/quote-icon-2.svg\" class=\"attachment-original size-original\" alt=\"\" \/>\t\t\t\t\t\t\n\t\t\t\t\t<\/div>\n\t\t\t\t\t\t\t\t\n<style>\n#image_1475927686 {\n  width: 6%;\n}\n<\/style>\n\t<\/div>\n\t\n\n  <div class=\"icon-box testimonial-box icon-box-center testimonial-div text-center\">\n                <div class=\"icon-box-img testimonial-image circle\" style=\"width: 142px\">\n                      <\/div>\n                <div class=\"icon-box-text p-last-0\">\n          <div class=\"star-rating\"><span style=\"width:100%\"><strong class=\"rating\"><\/strong><\/span><\/div>  \t\t\t\t<div class=\"testimonial-text line-height-small italic test_text first-reset last-reset is-italic\">\n            \n\n\t<div id=\"gap-369218364\" class=\"gap-element clearfix\" style=\"display:block; height:auto;\">\n\t\t\n<style>\n#gap-369218364 {\n  padding-top: 30px;\n}\n<\/style>\n\t<\/div>\n\t\n\n\t<div id=\"text-351267591\" class=\"text\">\n\t\t\n\n<p style=\"text-align:center;\">I have no hesitation in recommending Celia and Eduardo Martins.<\/p>\n<p style=\"text-align:center;\">Their advice and assistance in connection with my purchase of a property on the Algarve was invaluable in making the whole process far less stressful than I had imagined.<\/p>\n<p style=\"text-align:center;\">Since then their ongoing support has been a significant factor in ensuring that my ownership of the property has continued to be such a pleasant and enjoyable experience.<\/p>\n<p style=\"text-align:center;\">My husband and I have always found Celia and Eduardo to be approachable, reliable and professional, features which have helped form the basis of our excellent relationship with them over many years.<\/p>\n\n\t\t\n<style>\n#text-351267591 {\n  font-size: 1rem;\n}\n<\/style>\n\t<\/div>\n\t\n<div class=\"is-divider divider clearfix\" style=\"max-width:90px;height:2px;background-color:rgb(95, 154, 220);\"><\/div>\n\n\n          <\/div>\n          <div class=\"testimonial-meta pt-half\">\n             <strong class=\"testimonial-name test_name\">Stefka Hunka<\/strong>\n                          <span class=\"testimonial-company test_company\"><\/span>\n          <\/div>\n        <\/div>\n  <\/div>\n\n  \n\n              <\/div>\n           <\/div>\n                            \n<style>\n#text-box-1048885476 .text-inner {\n  padding: 0px 15px 0px 15px;\n}\n#text-box-1048885476 {\n  width: 100%;\n}\n#text-box-1048885476 .text-box-content {\n  font-size: 100%;\n}\n@media (min-width:550px) {\n  #text-box-1048885476 {\n    width: 70%;\n  }\n}\n<\/style>\n    <\/div>\n \n\n        <\/div>\n      <\/div>\n\n            \n<style>\n#banner-710463128 {\n  padding-top: 500px;\n}\n#banner-710463128 .overlay {\n  background-color: rgba(0, 43, 90, 0.85);\n}\n#banner-710463128 .banner-bg img {\n  object-position: 79% 68%;\n}\n<\/style>\n  <\/div>\n\n\n\n     <\/div>\n\n     <div class=\"loading-spin dark large centered\"><\/div>\n\n\t<\/div>\n\n\n\n\t\t<\/div>\n\n\t\t\n<style>\n#section_1391962044 {\n  padding-top: 0px;\n  padding-bottom: 0px;\n}\n<\/style>\n\t<\/section>\n\t\n\n\n\t<section class=\"section\" id=\"section_255919764\">\n\t\t<div class=\"section-bg fill\" >\n\t\t\t\t\t\t\t\t\t\n\t\t\t\n\n\t\t<\/div>\n\n\t\t\n\n\t\t<div class=\"section-content relative\">\n\t\t\t\n\n\t<div id=\"gap-515072627\" class=\"gap-element clearfix\" style=\"display:block; height:auto;\">\n\t\t\n<style>\n#gap-515072627 {\n  padding-top: 90px;\n}\n<\/style>\n\t<\/div>\n\t\n\n<div class=\"row\"  id=\"row-1443491413\">\n\n\n\t<div id=\"col-559599667\" class=\"col medium-3 small-12 large-3\"  >\n\t\t\t\t<div class=\"col-inner\"  >\n\t\t\t\n\t\t\t\n\n\n\t\t<\/div>\n\t\t\t\t\t<\/div>\n\n\t\n\n\t<div id=\"col-1221653953\" class=\"col col-cta medium-6 small-12 large-6\"  data-animate=\"fadeInRight\">\n\t\t\t\t<div class=\"col-inner text-center\"  >\n\t\t\t\n\t\t\t\n\n\t<div id=\"text-3877081432\" class=\"text\">\n\t\t\n\n<h2>Get a <span style=\"color: #5f9adc;\">quote<\/span> for managing your condominium or property<\/h2>\n\t\t\n<style>\n#text-3877081432 {\n  font-size: 1.45rem;\n  text-align: center;\n}\n<\/style>\n\t<\/div>\n\t\n\t<div id=\"gap-1759195350\" class=\"gap-element clearfix\" style=\"display:block; height:auto;\">\n\t\t\n<style>\n#gap-1759195350 {\n  padding-top: 60px;\n}\n<\/style>\n\t<\/div>\n\t\n\n<div class=\"text-center\"><div class=\"is-divider divider clearfix\" style=\"max-width:90px;height:2px;background-color:rgb(95, 154, 220);\"><\/div><\/div>\n\n\t<div id=\"gap-1384219102\" class=\"gap-element clearfix\" style=\"display:block; height:auto;\">\n\t\t\n<style>\n#gap-1384219102 {\n  padding-top: 60px;\n}\n<\/style>\n\t<\/div>\n\t\n\n<a href=\"https:\/\/eduardo-martins.crochet.com.pt\/en\/contact\/\" class=\"button primary is-link btn-vertical-border\"  >\n\t\t<span>Request a quote<\/span>\n\t<\/a>\n\n\n\n\t\t<\/div>\n\t\t\t\t\t<\/div>\n\n\t\n\n\t<div id=\"col-738600115\" class=\"col medium-3 small-12 large-3\"  >\n\t\t\t\t<div class=\"col-inner\"  >\n\t\t\t\n\t\t\t\n\n\n\t\t<\/div>\n\t\t\t\t\t<\/div>\n\n\t\n\n<\/div>\n\n\t\t<\/div>\n\n\t\t\n<style>\n#section_255919764 {\n  padding-top: 0px;\n  padding-bottom: 0px;\n}\n<\/style>\n\t<\/section>\n\t\n\n\n","protected":false},"excerpt":{"rendered":"","protected":false},"author":1,"featured_media":0,"parent":0,"menu_order":0,"comment_status":"closed","ping_status":"closed","template":"page-transparent-header-light.php","meta":{"inline_featured_image":false,"footnotes":""},"class_list":["post-860","page","type-page","status-publish","hentry"],"yoast_head":"<!-- This site is optimized with the Yoast SEO plugin v24.4 - https:\/\/yoast.com\/wordpress\/plugins\/seo\/ -->\n<title>Property Management - Eduardo Martins<\/title>\n<meta name=\"robots\" content=\"index, follow, max-snippet:-1, max-image-preview:large, max-video-preview:-1\" \/>\n<link rel=\"canonical\" href=\"http:\/\/mail.eduardomartins.pt\/en\/property-management\/\" \/>\n<meta property=\"og:locale\" content=\"en_US\" \/>\n<meta property=\"og:type\" content=\"article\" \/>\n<meta property=\"og:title\" content=\"Property Management - Eduardo Martins\" \/>\n<meta property=\"og:url\" content=\"http:\/\/mail.eduardomartins.pt\/en\/property-management\/\" \/>\n<meta property=\"og:site_name\" content=\"Eduardo Martins\" \/>\n<meta property=\"article:modified_time\" content=\"2025-01-16T12:07:26+00:00\" \/>\n<meta name=\"twitter:card\" content=\"summary_large_image\" \/>\n<meta name=\"twitter:label1\" content=\"Est. reading time\" \/>\n\t<meta name=\"twitter:data1\" content=\"1 minute\" \/>\n<script type=\"application\/ld+json\" class=\"yoast-schema-graph\">{\"@context\":\"https:\/\/schema.org\",\"@graph\":[{\"@type\":\"WebPage\",\"@id\":\"http:\/\/mail.eduardomartins.pt\/en\/property-management\/\",\"url\":\"http:\/\/mail.eduardomartins.pt\/en\/property-management\/\",\"name\":\"Property Management - Eduardo Martins\",\"isPartOf\":{\"@id\":\"https:\/\/www.eduardomartins.pt\/en\/#website\"},\"datePublished\":\"2023-11-20T10:32:56+00:00\",\"dateModified\":\"2025-01-16T12:07:26+00:00\",\"breadcrumb\":{\"@id\":\"http:\/\/mail.eduardomartins.pt\/en\/property-management\/#breadcrumb\"},\"inLanguage\":\"en-US\",\"potentialAction\":[{\"@type\":\"ReadAction\",\"target\":[\"http:\/\/mail.eduardomartins.pt\/en\/property-management\/\"]}]},{\"@type\":\"BreadcrumbList\",\"@id\":\"http:\/\/mail.eduardomartins.pt\/en\/property-management\/#breadcrumb\",\"itemListElement\":[{\"@type\":\"ListItem\",\"position\":1,\"name\":\"In\u00edcio\",\"item\":\"https:\/\/www.eduardomartins.pt\/en\/\"},{\"@type\":\"ListItem\",\"position\":2,\"name\":\"Property Management\"}]},{\"@type\":\"WebSite\",\"@id\":\"https:\/\/www.eduardomartins.pt\/en\/#website\",\"url\":\"https:\/\/www.eduardomartins.pt\/en\/\",\"name\":\"Eduardo Martins\",\"description\":\"Media\u00e7\u00e3o Imobili\u00e1ria\",\"publisher\":{\"@id\":\"https:\/\/www.eduardomartins.pt\/en\/#organization\"},\"potentialAction\":[{\"@type\":\"SearchAction\",\"target\":{\"@type\":\"EntryPoint\",\"urlTemplate\":\"https:\/\/www.eduardomartins.pt\/en\/?s={search_term_string}\"},\"query-input\":{\"@type\":\"PropertyValueSpecification\",\"valueRequired\":true,\"valueName\":\"search_term_string\"}}],\"inLanguage\":\"en-US\"},{\"@type\":\"Organization\",\"@id\":\"https:\/\/www.eduardomartins.pt\/en\/#organization\",\"name\":\"Eduardo Martins\",\"url\":\"https:\/\/www.eduardomartins.pt\/en\/\",\"logo\":{\"@type\":\"ImageObject\",\"inLanguage\":\"en-US\",\"@id\":\"https:\/\/www.eduardomartins.pt\/en\/#\/schema\/logo\/image\/\",\"url\":\"https:\/\/eduardo-martins.crochet.com.pt\/wp-content\/uploads\/2023\/11\/logo-horizontal-color.svg\",\"contentUrl\":\"https:\/\/eduardo-martins.crochet.com.pt\/wp-content\/uploads\/2023\/11\/logo-horizontal-color.svg\",\"width\":\"1024\",\"height\":\"1024\",\"caption\":\"Eduardo Martins\"},\"image\":{\"@id\":\"https:\/\/www.eduardomartins.pt\/en\/#\/schema\/logo\/image\/\"}}]}<\/script>\n<!-- \/ Yoast SEO plugin. -->","yoast_head_json":{"title":"Property Management - Eduardo Martins","robots":{"index":"index","follow":"follow","max-snippet":"max-snippet:-1","max-image-preview":"max-image-preview:large","max-video-preview":"max-video-preview:-1"},"canonical":"http:\/\/mail.eduardomartins.pt\/en\/property-management\/","og_locale":"en_US","og_type":"article","og_title":"Property Management - Eduardo Martins","og_url":"http:\/\/mail.eduardomartins.pt\/en\/property-management\/","og_site_name":"Eduardo Martins","article_modified_time":"2025-01-16T12:07:26+00:00","twitter_card":"summary_large_image","twitter_misc":{"Est. reading time":"1 minute"},"schema":{"@context":"https:\/\/schema.org","@graph":[{"@type":"WebPage","@id":"http:\/\/mail.eduardomartins.pt\/en\/property-management\/","url":"http:\/\/mail.eduardomartins.pt\/en\/property-management\/","name":"Property Management - Eduardo Martins","isPartOf":{"@id":"https:\/\/www.eduardomartins.pt\/en\/#website"},"datePublished":"2023-11-20T10:32:56+00:00","dateModified":"2025-01-16T12:07:26+00:00","breadcrumb":{"@id":"http:\/\/mail.eduardomartins.pt\/en\/property-management\/#breadcrumb"},"inLanguage":"en-US","potentialAction":[{"@type":"ReadAction","target":["http:\/\/mail.eduardomartins.pt\/en\/property-management\/"]}]},{"@type":"BreadcrumbList","@id":"http:\/\/mail.eduardomartins.pt\/en\/property-management\/#breadcrumb","itemListElement":[{"@type":"ListItem","position":1,"name":"In\u00edcio","item":"https:\/\/www.eduardomartins.pt\/en\/"},{"@type":"ListItem","position":2,"name":"Property Management"}]},{"@type":"WebSite","@id":"https:\/\/www.eduardomartins.pt\/en\/#website","url":"https:\/\/www.eduardomartins.pt\/en\/","name":"Eduardo Martins","description":"Media\u00e7\u00e3o Imobili\u00e1ria","publisher":{"@id":"https:\/\/www.eduardomartins.pt\/en\/#organization"},"potentialAction":[{"@type":"SearchAction","target":{"@type":"EntryPoint","urlTemplate":"https:\/\/www.eduardomartins.pt\/en\/?s={search_term_string}"},"query-input":{"@type":"PropertyValueSpecification","valueRequired":true,"valueName":"search_term_string"}}],"inLanguage":"en-US"},{"@type":"Organization","@id":"https:\/\/www.eduardomartins.pt\/en\/#organization","name":"Eduardo Martins","url":"https:\/\/www.eduardomartins.pt\/en\/","logo":{"@type":"ImageObject","inLanguage":"en-US","@id":"https:\/\/www.eduardomartins.pt\/en\/#\/schema\/logo\/image\/","url":"https:\/\/eduardo-martins.crochet.com.pt\/wp-content\/uploads\/2023\/11\/logo-horizontal-color.svg","contentUrl":"https:\/\/eduardo-martins.crochet.com.pt\/wp-content\/uploads\/2023\/11\/logo-horizontal-color.svg","width":"1024","height":"1024","caption":"Eduardo Martins"},"image":{"@id":"https:\/\/www.eduardomartins.pt\/en\/#\/schema\/logo\/image\/"}}]}},"_links":{"self":[{"href":"https:\/\/www.eduardomartins.pt\/en\/wp-json\/wp\/v2\/pages\/860","targetHints":{"allow":["GET"]}}],"collection":[{"href":"https:\/\/www.eduardomartins.pt\/en\/wp-json\/wp\/v2\/pages"}],"about":[{"href":"https:\/\/www.eduardomartins.pt\/en\/wp-json\/wp\/v2\/types\/page"}],"author":[{"embeddable":true,"href":"https:\/\/www.eduardomartins.pt\/en\/wp-json\/wp\/v2\/users\/1"}],"replies":[{"embeddable":true,"href":"https:\/\/www.eduardomartins.pt\/en\/wp-json\/wp\/v2\/comments?post=860"}],"version-history":[{"count":6,"href":"https:\/\/www.eduardomartins.pt\/en\/wp-json\/wp\/v2\/pages\/860\/revisions"}],"predecessor-version":[{"id":1048,"href":"https:\/\/www.eduardomartins.pt\/en\/wp-json\/wp\/v2\/pages\/860\/revisions\/1048"}],"wp:attachment":[{"href":"https:\/\/www.eduardomartins.pt\/en\/wp-json\/wp\/v2\/media?parent=860"}],"curies":[{"name":"wp","href":"https:\/\/api.w.org\/{rel}","templated":true}]}}